{"id":10,"date":"2023-10-17T06:34:50","date_gmt":"2023-10-17T06:34:50","guid":{"rendered":"https:\/\/www.valoreselite.com\/valoreselite\/?page_id=10"},"modified":"2025-12-09T11:59:36","modified_gmt":"2025-12-09T17:59:36","slug":"inicio","status":"publish","type":"page","link":"https:\/\/www.valoreselite.com\/valoreselite\/","title":{"rendered":"Inicio"},"content":{"rendered":"\t\t<div data-elementor-type=\"wp-page\" data-elementor-id=\"10\" class=\"elementor elementor-10\">\n\t\t\t\t<section class=\"elementor-element elementor-element-f334844 e-con-full e-flex e-con e-parent\" data-id=\"f334844\" data-element_type=\"container\" data-e-type=\"container\" data-settings=\"{&quot;background_background&quot;:&quot;classic&quot;}\">\n\t\t\t\t<div class=\"elementor-element elementor-element-14f31dc elementor-widget elementor-widget-slider_revolution\" data-id=\"14f31dc\" data-element_type=\"widget\" data-e-type=\"widget\" data-widget_type=\"slider_revolution.default\">\n\t\t\t\t<div class=\"elementor-widget-container\">\n\t\t\t\t\t\n\t\t<div class=\"wp-block-themepunch-revslider\">\n\t\t\t<!-- START Slider test REVOLUTION SLIDER 6.6.18 --><p class=\"rs-p-wp-fix\"><\/p>\n\t\t\t<rs-module-wrap id=\"rev_slider_2_1_wrapper\" data-source=\"gallery\" style=\"visibility:hidden;background:transparent;padding:0;margin:0px auto;margin-top:0;margin-bottom:0;\">\n\t\t\t\t<rs-module id=\"rev_slider_2_1\" style=\"\" data-version=\"6.6.18\">\n\t\t\t\t\t<rs-slides style=\"overflow: hidden; position: absolute;\">\n\t\t\t\t\t\t<rs-slide style=\"position: absolute;\" data-key=\"rs-2\" data-title=\"Slide\" data-in=\"o:0;\" data-out=\"a:false;\">\n\t\t\t\t\t\t\t<img fetchpriority=\"high\" decoding=\"async\" src=\"\/\/www.valoreselite.com\/valoreselite\/wp-content\/plugins\/revslider\/public\/assets\/assets\/dummy.png\" alt=\"\" title=\"slide\" width=\"1920\" height=\"1080\" class=\"rev-slidebg tp-rs-img rs-lazyload\" data-lazyload=\"\/\/www.valoreselite.com\/valoreselite\/wp-content\/uploads\/2024\/07\/slide.jpg\" data-panzoom=\"d:10000;ss:115%;se:100%;\" data-no-retina>\n<!---->\t\t\t\t\t\t<\/rs-slide>\n\t\t\t\t\t<\/rs-slides>\n\t\t\t\t<\/rs-module>\n\t\t\t\t<script>\n\t\t\t\t\tsetREVStartSize({c: 'rev_slider_2_1',rl:[1240,1024,778,480],el:[900],gw:[1240],gh:[900],type:'standard',justify:'',layout:'fullwidth',mh:\"0\"});if (window.RS_MODULES!==undefined && window.RS_MODULES.modules!==undefined && window.RS_MODULES.modules[\"revslider21\"]!==undefined) {window.RS_MODULES.modules[\"revslider21\"].once = false;window.revapi2 = undefined;if (window.RS_MODULES.checkMinimal!==undefined) window.RS_MODULES.checkMinimal()}\n\t\t\t\t<\/script>\n\t\t\t<\/rs-module-wrap>\n\t\t\t<!-- END REVOLUTION SLIDER -->\n<\/div>\n\n\t\t\t\t\t\t<\/div>\n\t\t\t\t<\/div>\n\t\t\t\t<\/section>\n\t\t<div class=\"elementor-element elementor-element-871c818 e-con-full e-flex e-con e-parent\" data-id=\"871c818\" data-element_type=\"container\" data-e-type=\"container\">\n\t\t\t\t<div class=\"elementor-element elementor-element-227b189 elementor-widget elementor-widget-spacer\" data-id=\"227b189\" data-element_type=\"widget\" data-e-type=\"widget\" data-widget_type=\"spacer.default\">\n\t\t\t\t<div class=\"elementor-widget-container\">\n\t\t\t\t\t\t\t<div class=\"elementor-spacer\">\n\t\t\t<div class=\"elementor-spacer-inner\"><\/div>\n\t\t<\/div>\n\t\t\t\t\t\t<\/div>\n\t\t\t\t<\/div>\n\t\t\t\t<div class=\"elementor-element elementor-element-048f6da myclassdiv elementor-widget elementor-widget-int-cta\" data-id=\"048f6da\" data-element_type=\"widget\" data-e-type=\"widget\" id=\"myidcss\" data-widget_type=\"int-cta.default\">\n\t\t\t\t<div class=\"elementor-widget-container\">\n\t\t\t\t\t        <section class=\"cta pos-rel pb-140\">\r\n            <div class=\"container\">\r\n                <div class=\"row mt-none-20\">\r\n                    <div class=\"col-xl-9 col-lg-8 mt-20\">\r\n                        <div class=\"sec-title\">\r\n                                                            <h2 class=\"sec-title__title mb-25\">\u00bfQui\u00e9nes Somos?<\/h2>\r\n                                                            <p>Nuestra misi\u00f3n es revolucionar el mercado del traslado de valores con soluciones personalizadas que transformaran la manera y los tiempos de respuesta, asegurando que se enfrentaran todos los desaf\u00edos desde la protecci\u00f3n, tiempos y la disrupci\u00f3n a los m\u00e9todos tradicionales que van de la mano de la seguridad y la fiabilidad de nuestro servicio. \n<br><br>\nElegir Elite es un paso crucial hacia la transformaci\u00f3n en la gesti\u00f3n del traslado de valores, donde la protecci\u00f3n de estos es prioritaria, de la mano de nuestro equipo altamente capacitado y tecnolog\u00eda avanzada, as\u00ed como la eficiencia operativa. \n<br><br>\nEstableciendo alianzas s\u00f3lidas y estrategias efectivas para enfrentar cualquier obst\u00e1culo a nivel nacional. <\/p>\r\n                                                    <\/div>\r\n                    <\/div>\r\n                                    <\/div>\r\n                <ul class=\"footer__top cta-list ul_li_between mt-35\">\r\n                                            <li><i class=\"far fa-check\"><\/i>Equipo operativo capacitado<\/li>\r\n                                            <li><i class=\"far fa-check\"><\/i>Equipo administrativo profesional<\/li>\r\n                                            <li><i class=\"far fa-check\"><\/i>Altos est\u00e1ndares de calidad<\/li>\r\n                                    <\/ul>\r\n            <\/div>\r\n            <div class=\"cta__shape\">\r\n                            <\/div>\r\n        <\/section>\r\n        \t\t\t\t<\/div>\n\t\t\t\t<\/div>\n\t\t\t\t<\/div>\n\t\t<div class=\"elementor-element elementor-element-f169cee e-con-full e-flex e-con e-parent\" data-id=\"f169cee\" data-element_type=\"container\" data-e-type=\"container\" id=\"servicios\">\n\t\t\t\t<div class=\"elementor-element elementor-element-c15fde2 elementor-widget elementor-widget-int-template-slider\" data-id=\"c15fde2\" data-element_type=\"widget\" data-e-type=\"widget\" data-widget_type=\"int-template-slider.default\">\n\t\t\t\t<div class=\"elementor-widget-container\">\n\t\t\t\t\t        <section class=\"template pt-130 pb-120\">\r\n            <div class=\"container\">\r\n                <div class=\"row align-items-center mb-40 mt-none-20\">\r\n                                            <div class=\"col-lg-8 col-md-9 mt-20\">\r\n                            <div class=\"sec-title mb-20\">\r\n                                <h2 class=\"sec-title__title mb-15\">Servicios Elite<\/h2>\r\n                            <\/div>\r\n                        <\/div>\r\n                    \r\n                                            <div class=\"col-lg-4 col-md-3 mt-20\">\r\n                            <div class=\"template__nav mb-10\">\r\n                                <div class=\"template-nav-item template-button-prev\"><i class=\"far fa-arrow-left\"><\/i>\r\n                                <\/div>\r\n                                <div class=\"template-nav-item template-button-next\"><i class=\"far fa-arrow-right\"><\/i>\r\n                                <\/div>\r\n                            <\/div>\r\n                        <\/div>\r\n                                    <\/div>\r\n            <\/div>\r\n            <div class=\"template__slider swiper-container\">\r\n                <div class=\"swiper-wrapper\">\r\n                                            <div class=\"swiper-slide template__item\">\r\n                                                            <h3 class=\"title\">Traslado<\/h3>\r\n                            \r\n                                                            <a href=\"\"><i\r\n                                            class=\"far fa-arrow-right\"><\/i>\u00c9LITE                                <\/a>\r\n                            \r\n                                                            <div class=\"image\">\r\n                                    <img decoding=\"async\" width=\"314\" height=\"509\" src=\"https:\/\/www.valoreselite.com\/valoreselite\/wp-content\/uploads\/2024\/07\/s01.jpg\" class=\"attachment-full size-full\" alt=\"\" srcset=\"https:\/\/www.valoreselite.com\/valoreselite\/wp-content\/uploads\/2024\/07\/s01.jpg 314w, https:\/\/www.valoreselite.com\/valoreselite\/wp-content\/uploads\/2024\/07\/s01-185x300.jpg 185w\" sizes=\"(max-width: 314px) 100vw, 314px\" \/>                                <\/div>\r\n                                                    <\/div>\r\n                                            <div class=\"swiper-slide template__item\">\r\n                                                            <h3 class=\"title\">Resguardo<\/h3>\r\n                            \r\n                                                            <a href=\"\"><i\r\n                                            class=\"far fa-arrow-right\"><\/i>\u00c9LITE                                <\/a>\r\n                            \r\n                                                            <div class=\"image\">\r\n                                    <img decoding=\"async\" width=\"314\" height=\"509\" src=\"https:\/\/www.valoreselite.com\/valoreselite\/wp-content\/uploads\/2024\/07\/s02.jpg\" class=\"attachment-full size-full\" alt=\"\" srcset=\"https:\/\/www.valoreselite.com\/valoreselite\/wp-content\/uploads\/2024\/07\/s02.jpg 314w, https:\/\/www.valoreselite.com\/valoreselite\/wp-content\/uploads\/2024\/07\/s02-185x300.jpg 185w\" sizes=\"(max-width: 314px) 100vw, 314px\" \/>                                <\/div>\r\n                                                    <\/div>\r\n                                            <div class=\"swiper-slide template__item\">\r\n                                                            <h3 class=\"title\">Efectivo<\/h3>\r\n                            \r\n                                                            <a href=\"\"><i\r\n                                            class=\"far fa-arrow-right\"><\/i>\u00c9LITE                                <\/a>\r\n                            \r\n                                                            <div class=\"image\">\r\n                                    <img loading=\"lazy\" decoding=\"async\" width=\"314\" height=\"509\" src=\"https:\/\/www.valoreselite.com\/valoreselite\/wp-content\/uploads\/2024\/07\/s03.jpg\" class=\"attachment-full size-full\" alt=\"\" srcset=\"https:\/\/www.valoreselite.com\/valoreselite\/wp-content\/uploads\/2024\/07\/s03.jpg 314w, https:\/\/www.valoreselite.com\/valoreselite\/wp-content\/uploads\/2024\/07\/s03-185x300.jpg 185w\" sizes=\"(max-width: 314px) 100vw, 314px\" \/>                                <\/div>\r\n                                                    <\/div>\r\n                                            <div class=\"swiper-slide template__item\">\r\n                                                            <h3 class=\"title\">Divisas<\/h3>\r\n                            \r\n                                                            <a href=\"\"><i\r\n                                            class=\"far fa-arrow-right\"><\/i>\u00c9LITE                                <\/a>\r\n                            \r\n                                                            <div class=\"image\">\r\n                                    <img loading=\"lazy\" decoding=\"async\" width=\"314\" height=\"509\" src=\"https:\/\/www.valoreselite.com\/valoreselite\/wp-content\/uploads\/2024\/07\/s04.jpg\" class=\"attachment-full size-full\" alt=\"\" srcset=\"https:\/\/www.valoreselite.com\/valoreselite\/wp-content\/uploads\/2024\/07\/s04.jpg 314w, https:\/\/www.valoreselite.com\/valoreselite\/wp-content\/uploads\/2024\/07\/s04-185x300.jpg 185w\" sizes=\"(max-width: 314px) 100vw, 314px\" \/>                                <\/div>\r\n                                                    <\/div>\r\n                                            <div class=\"swiper-slide template__item\">\r\n                                                            <h3 class=\"title\">Blindaje<\/h3>\r\n                            \r\n                                                            <a href=\"\"><i\r\n                                            class=\"far fa-arrow-right\"><\/i>\u00c9LITE                                <\/a>\r\n                            \r\n                                                            <div class=\"image\">\r\n                                    <img loading=\"lazy\" decoding=\"async\" width=\"314\" height=\"509\" src=\"https:\/\/www.valoreselite.com\/valoreselite\/wp-content\/uploads\/2024\/07\/s05.jpg\" class=\"attachment-full size-full\" alt=\"\" srcset=\"https:\/\/www.valoreselite.com\/valoreselite\/wp-content\/uploads\/2024\/07\/s05.jpg 314w, https:\/\/www.valoreselite.com\/valoreselite\/wp-content\/uploads\/2024\/07\/s05-185x300.jpg 185w\" sizes=\"(max-width: 314px) 100vw, 314px\" \/>                                <\/div>\r\n                                                    <\/div>\r\n                                    <\/div>\r\n            <\/div>\r\n        <\/section>\r\n        \t\t\t\t<\/div>\n\t\t\t\t<\/div>\n\t\t\t\t<\/div>\n\t\t<div class=\"elementor-element elementor-element-16ae11c e-flex e-con-boxed e-con e-parent\" data-id=\"16ae11c\" data-element_type=\"container\" data-e-type=\"container\" id=\"contacto\">\n\t\t\t\t\t<div class=\"e-con-inner\">\n\t\t\t\t<div class=\"elementor-element elementor-element-08ad8d9 elementor-widget elementor-widget-int-contact\" data-id=\"08ad8d9\" data-element_type=\"widget\" data-e-type=\"widget\" data-widget_type=\"int-contact.default\">\n\t\t\t\t<div class=\"elementor-widget-container\">\n\t\t\t\t\t        <section class=\"contact pos-rel pt-125\">\r\n            <div class=\"container\">\r\n                <div class=\"contact-info\">\r\n                    <div class=\"row justify-content-md-center mt-none-30\">\r\n                                                    <div class=\"col-lg-4 col-md-6 mt-30\">\r\n                                <div class=\"contact-info__item\">\r\n                                    <div class=\"icon\">\r\n                                        <i aria-hidden=\"true\" class=\"fas fa-map-marker-alt\"><\/i>                                    <\/div>\r\n                                                                            <h3>Oficinas<\/h3>\r\n                                                                            <p>Reforma 215, Int.Piso 11 <br>Ciudad de M\u00e9xico, CDMX\n<\/p>\r\n                                                                    <\/div>\r\n                            <\/div>\r\n                                                    <div class=\"col-lg-4 col-md-6 mt-30\">\r\n                                <div class=\"contact-info__item\">\r\n                                    <div class=\"icon\">\r\n                                        <i aria-hidden=\"true\" class=\"fas fa-phone\"><\/i>                                    <\/div>\r\n                                                                            <h3>Ll\u00e1manos<\/h3>\r\n                                                                            <p>55 9225 6657<\/p>\r\n                                                                    <\/div>\r\n                            <\/div>\r\n                                                    <div class=\"col-lg-4 col-md-6 mt-30\">\r\n                                <div class=\"contact-info__item\">\r\n                                    <div class=\"icon\">\r\n                                        <i aria-hidden=\"true\" class=\"far fa-envelope\"><\/i>                                    <\/div>\r\n                                                                            <h3>Email <\/h3>\r\n                                                                            <p>info@valoreselite.com<\/p>\r\n                                                                    <\/div>\r\n                            <\/div>\r\n                                            <\/div>\r\n                <\/div>\r\n                                    <div class=\"contact-form mt-100\">\r\n                                                \n<div class=\"wpcf7 no-js\" id=\"wpcf7-f189-o1\" lang=\"en-US\" dir=\"ltr\" data-wpcf7-id=\"189\">\n<div class=\"screen-reader-response\"><p role=\"status\" aria-live=\"polite\" aria-atomic=\"true\"><\/p> <ul><\/ul><\/div>\n<form action=\"\/valoreselite\/wp-json\/wp\/v2\/pages\/10#wpcf7-f189-o1\" method=\"post\" class=\"wpcf7-form init\" aria-label=\"Contact form\" novalidate=\"novalidate\" data-status=\"init\">\n<fieldset class=\"hidden-fields-container\"><input type=\"hidden\" name=\"_wpcf7\" value=\"189\" \/><input type=\"hidden\" name=\"_wpcf7_version\" value=\"6.1.5\" \/><input type=\"hidden\" name=\"_wpcf7_locale\" value=\"en_US\" \/><input type=\"hidden\" name=\"_wpcf7_unit_tag\" value=\"wpcf7-f189-o1\" \/><input type=\"hidden\" name=\"_wpcf7_container_post\" value=\"0\" \/><input type=\"hidden\" name=\"_wpcf7_posted_data_hash\" value=\"\" \/><input type=\"hidden\" name=\"_wpcf7_recaptcha_response\" value=\"\" \/>\n<\/fieldset>\n<div class=\"row\">\n    <div class=\"col-lg-6\">\n<span class=\"wpcf7-form-control-wrap\" data-name=\"your-name\"><input size=\"40\" maxlength=\"400\" class=\"wpcf7-form-control wpcf7-text wpcf7-validates-as-required\" aria-required=\"true\" aria-invalid=\"false\" placeholder=\"Nombre Completo\" value=\"\" type=\"text\" name=\"your-name\" \/><\/span>\n    <\/div>\n    <div class=\"col-lg-6\">\n<span class=\"wpcf7-form-control-wrap\" data-name=\"your-email\"><input size=\"40\" maxlength=\"400\" class=\"wpcf7-form-control wpcf7-email wpcf7-validates-as-required wpcf7-text wpcf7-validates-as-email\" aria-required=\"true\" aria-invalid=\"false\" placeholder=\"Email\" value=\"\" type=\"email\" name=\"your-email\" \/><\/span>\n    <\/div>\n    <div class=\"col-lg-6\">\n<span class=\"wpcf7-form-control-wrap\" data-name=\"your-telephone\"><input size=\"40\" maxlength=\"400\" class=\"wpcf7-form-control wpcf7-tel wpcf7-text wpcf7-validates-as-tel\" aria-invalid=\"false\" placeholder=\"Tel\u00e9fono\" value=\"\" type=\"tel\" name=\"your-telephone\" \/><\/span>\n    <\/div>\n    <div class=\"col-lg-6\">\n<span class=\"wpcf7-form-control-wrap\" data-name=\"your-subject\"><input size=\"40\" maxlength=\"400\" class=\"wpcf7-form-control wpcf7-text\" aria-invalid=\"false\" placeholder=\"Asunto\" value=\"\" type=\"text\" name=\"your-subject\" \/><\/span>\n    <\/div>\n    <div class=\"col-12\">\n<span class=\"wpcf7-form-control-wrap\" data-name=\"your-message\"><textarea cols=\"40\" rows=\"10\" maxlength=\"2000\" class=\"wpcf7-form-control wpcf7-textarea wpcf7-validates-as-required\" aria-required=\"true\" aria-invalid=\"false\" placeholder=\"Mensaje\" name=\"your-message\"><\/textarea><\/span>\n    <\/div>\n    <div class=\"contact-form__btn text-center\">\n        <button type=\"submit\" class=\"thm-btn thm-btn--gradient\">Enviar<\/button>\n    <\/div>\n<\/div><div class=\"wpcf7-response-output\" aria-hidden=\"true\"><\/div>\n<\/form>\n<\/div>\n                    <\/div>\r\n                            <\/div>\r\n            <div class=\"contact__shape\">\r\n                                            <\/div>\r\n        <\/section>\r\n        \t\t\t\t<\/div>\n\t\t\t\t<\/div>\n\t\t\t\t\t<\/div>\n\t\t\t\t<\/div>\n\t\t\t\t<\/div>\n\t\t","protected":false},"excerpt":{"rendered":"<p>\u00bfQui\u00e9nes Somos? Nuestra misi\u00f3n es revolucionar el mercado del traslado de valores con soluciones personalizadas que transformaran la manera y los tiempos de respuesta, asegurando que se enfrentaran todos los desaf\u00edos desde la protecci\u00f3n, tiempos y la disrupci\u00f3n a los m\u00e9todos tradicionales que van de la mano de la seguridad y la fiabilidad de nuestro [&hellip;]<\/p>\n","protected":false},"author":1,"featured_media":0,"parent":0,"menu_order":0,"comment_status":"closed","ping_status":"closed","template":"helax-template.php","meta":{"footnotes":""},"class_list":["post-10","page","type-page","status-publish","hentry"],"_links":{"self":[{"href":"https:\/\/www.valoreselite.com\/valoreselite\/wp-json\/wp\/v2\/pages\/10","targetHints":{"allow":["GET"]}}],"collection":[{"href":"https:\/\/www.valoreselite.com\/valoreselite\/wp-json\/wp\/v2\/pages"}],"about":[{"href":"https:\/\/www.valoreselite.com\/valoreselite\/wp-json\/wp\/v2\/types\/page"}],"author":[{"embeddable":true,"href":"https:\/\/www.valoreselite.com\/valoreselite\/wp-json\/wp\/v2\/users\/1"}],"replies":[{"embeddable":true,"href":"https:\/\/www.valoreselite.com\/valoreselite\/wp-json\/wp\/v2\/comments?post=10"}],"version-history":[{"count":186,"href":"https:\/\/www.valoreselite.com\/valoreselite\/wp-json\/wp\/v2\/pages\/10\/revisions"}],"predecessor-version":[{"id":2526,"href":"https:\/\/www.valoreselite.com\/valoreselite\/wp-json\/wp\/v2\/pages\/10\/revisions\/2526"}],"wp:attachment":[{"href":"https:\/\/www.valoreselite.com\/valoreselite\/wp-json\/wp\/v2\/media?parent=10"}],"curies":[{"name":"wp","href":"https:\/\/api.w.org\/{rel}","templated":true}]}}